{"id":515,"date":"2023-09-21T13:31:49","date_gmt":"2023-09-21T10:31:49","guid":{"rendered":"https:\/\/cosechayem.com.tr\/?page_id=515"},"modified":"2023-10-25T16:59:29","modified_gmt":"2023-10-25T13:59:29","slug":"serkan-kayikci","status":"publish","type":"page","link":"https:\/\/cosechayem.com.tr\/en\/serkan-kayikci\/","title":{"rendered":"Serkan Kay\u0131k\u00e7\u0131"},"content":{"rendered":"<div data-elementor-type=\"wp-page\" data-elementor-id=\"515\" class=\"elementor elementor-515\">\n\t\t\t\t\t\t\t\t\t<section class=\"elementor-section elementor-top-section elementor-element elementor-element-3a067d3 elementor-section-content-middle elementor-reverse-mobile elementor-section-boxed elementor-section-height-default elementor-section-height-default\" data-id=\"3a067d3\" data-element_type=\"section\">\n\t\t\t\t\t\t<div class=\"elementor-container elementor-column-gap-default\">\n\t\t\t\t\t<div class=\"elementor-column elementor-col-50 elementor-top-column elementor-element elementor-element-7d33e78 elementor-invisible\" data-id=\"7d33e78\" data-element_type=\"column\" data-settings=\"{&quot;background_background&quot;:&quot;gradient&quot;,&quot;animation&quot;:&quot;fadeInLeft&quot;}\">\n\t\t\t<div class=\"elementor-widget-wrap elementor-element-populated\">\n\t\t\t\t\t\t\t\t<div class=\"elementor-element elementor-element-a47f8dc elementor-widget elementor-widget-image\" data-id=\"a47f8dc\" data-element_type=\"widget\" data-widget_type=\"image.default\">\n\t\t\t\t<div class=\"elementor-widget-container\">\n\t\t\t<style>\/*! elementor - v3.16.0 - 13-09-2023 *\/\n.elementor-widget-image{text-align:center}.elementor-widget-image a{display:inline-block}.elementor-widget-image a img[src$=\".svg\"]{width:48px}.elementor-widget-image img{vertical-align:middle;display:inline-block}<\/style>\t\t\t\t\t\t\t\t\t\t\t\t<img loading=\"lazy\" decoding=\"async\" width=\"530\" height=\"775\" src=\"https:\/\/cosechayem.com.tr\/wp-content\/uploads\/2023\/09\/skayikci-port.jpg\" class=\"attachment-full size-full wp-image-694\" alt=\"\" srcset=\"https:\/\/cosechayem.com.tr\/wp-content\/uploads\/2023\/09\/skayikci-port.jpg 530w, https:\/\/cosechayem.com.tr\/wp-content\/uploads\/2023\/09\/skayikci-port-205x300.jpg 205w\" sizes=\"auto, (max-width: 530px) 100vw, 530px\" \/>\t\t\t\t\t\t\t\t\t\t\t\t\t\t\t<\/div>\n\t\t\t\t<\/div>\n\t\t\t\t\t<\/div>\n\t\t<\/div>\n\t\t\t\t<div class=\"elementor-column elementor-col-50 elementor-top-column elementor-element elementor-element-6a36356 elementor-invisible\" data-id=\"6a36356\" data-element_type=\"column\" data-settings=\"{&quot;animation&quot;:&quot;fadeIn&quot;,&quot;animation_delay&quot;:200}\">\n\t\t\t<div class=\"elementor-widget-wrap elementor-element-populated\">\n\t\t\t\t\t\t\t\t<div class=\"elementor-element elementor-element-e635716 elementor-widget elementor-widget-heading\" data-id=\"e635716\" data-element_type=\"widget\" data-widget_type=\"heading.default\">\n\t\t\t\t<div class=\"elementor-widget-container\">\n\t\t\t<style>\/*! elementor - v3.16.0 - 13-09-2023 *\/\n.elementor-heading-title{padding:0;margin:0;line-height:1}.elementor-widget-heading .elementor-heading-title[class*=elementor-size-]>a{color:inherit;font-size:inherit;line-height:inherit}.elementor-widget-heading .elementor-heading-title.elementor-size-small{font-size:15px}.elementor-widget-heading .elementor-heading-title.elementor-size-medium{font-size:19px}.elementor-widget-heading .elementor-heading-title.elementor-size-large{font-size:29px}.elementor-widget-heading .elementor-heading-title.elementor-size-xl{font-size:39px}.elementor-widget-heading .elementor-heading-title.elementor-size-xxl{font-size:59px}<\/style><h2 class=\"elementor-heading-title elementor-size-default\">Serkan KAYIK\u00c7I<\/h2>\t\t<\/div>\n\t\t\t\t<\/div>\n\t\t\t\t<div class=\"elementor-element elementor-element-7cce5b4 elementor-widget elementor-widget-text-editor\" data-id=\"7cce5b4\" data-element_type=\"widget\" data-widget_type=\"text-editor.default\">\n\t\t\t\t<div class=\"elementor-widget-container\">\n\t\t\t<style>\/*! elementor - v3.16.0 - 13-09-2023 *\/\n.elementor-widget-text-editor.elementor-drop-cap-view-stacked .elementor-drop-cap{background-color:#69727d;color:#fff}.elementor-widget-text-editor.elementor-drop-cap-view-framed .elementor-drop-cap{color:#69727d;border:3px solid;background-color:transparent}.elementor-widget-text-editor:not(.elementor-drop-cap-view-default) .elementor-drop-cap{margin-top:8px}.elementor-widget-text-editor:not(.elementor-drop-cap-view-default) .elementor-drop-cap-letter{width:1em;height:1em}.elementor-widget-text-editor .elementor-drop-cap{float:left;text-align:center;line-height:1;font-size:50px}.elementor-widget-text-editor .elementor-drop-cap-letter{display:inline-block}<\/style>\t\t\t\t<p>20 \u015eubat 1981 do\u011fumlu Kay\u0131k\u00e7\u0131, orta ve lise e\u011fitimini Bursa\u2019da alm\u0131\u015f olup 2003 y\u0131l\u0131nda Sel\u00e7uk \u00dcniversitesi \u0130ktisadi \u0130dari Bilimler Fak\u00fcltesi \u0130\u015fletme B\u00f6l\u00fcm\u00fcnden mezun olmu\u015ftur. Adana Bilim ve Teknoloji \u00dcniversitesi, Sosyal Bilimler Enstit\u00fcs\u00fc, Y\u00f6netim ve Organizasyon y\u00fcksek lisans\u0131n\u0131 2016 y\u0131l\u0131nda tamamlam\u0131\u015ft\u0131r. 2005 y\u0131l\u0131nda Matl\u0131 Yem A.\u015e. de d\u0131\u015f ticaret departman\u0131nda sekt\u00f6re ba\u015flay\u0131p d\u0131\u015f ticaret operasyonlar\u0131, g\u00fcmr\u00fck mevzuat\u0131, uluslararas\u0131 ticaret konular\u0131nda deneyim kazand\u0131. D\u0131\u015f ticaret operasyon m\u00fcd\u00fcr\u00fc olarak 2012 y\u0131l\u0131nda kadar bu g\u00f6revini s\u00fcrd\u00fcrd\u00fc. 2012 y\u0131l\u0131nda Ofis Yem grup \u015firketinden Promaks Tar\u0131m Tic. A.\u015e. ve Rusya\u2019da yerle\u015fim Prograin \u015firketlerinde t\u00fcm yurtd\u0131\u015f\u0131 ithalat ihracat i\u015flemleri ve ticaret faaliyetlerini Ticaret M\u00fcd\u00fcr olarak y\u00f6netti. Yem sekt\u00f6r\u00fcnce edindi\u011fi tecr\u00fcbelerin yan\u0131 s\u0131ra bitkisel ya\u011fl\u0131 tohum ve ya\u011f sanayi ayr\u0131ca ni\u015fasta sanayiinde deneyimlerini geli\u015ftirmek \u00fczere Sunar \u015eirketler grubuna kat\u0131ld\u0131. Sat\u0131n Alma M\u00fcd\u00fcr\u00fc olarak t\u00fcm ithalat ve yurti\u00e7i sat\u0131n alma faaliyetlerinin koordinasyonlar\u0131n\u0131 ger\u00e7ekle\u015ftirdi. 2017 y\u0131l\u0131nda yem sekt\u00f6r\u00fcn\u00fcn lider kurulu\u015flar\u0131ndan Matl\u0131 A.\u015e. ve Ticaret M\u00fcd\u00fcr\u00fc pozisyonu ile d\u00f6n\u00fc\u015f yapan Kay\u0131k\u00e7\u0131, \u015firketin yurti\u00e7i ve yurtd\u0131\u015f\u0131 t\u00fcm tedarik zincirinin sorumlulu\u011funu \u00fcstlenerek 2023 y\u0131l\u0131na kadar faaliyetlerine devam etti. 2024 y\u0131l\u0131 Ocak ay\u0131 itibar\u0131yla Cosecha Yem ve Tar\u0131m \u00dcr\u00fcnleri Tic. A.\u015e. ye ortak olmu\u015ftur. Hobileri aras\u0131nda do\u011fa sporlar\u0131, y\u00fczme ve kitap okumak olan Kay\u0131k\u00e7\u0131, bir k\u0131z \u00e7ocu\u011fu babas\u0131d\u0131r.<\/p>\t\t\t\t\t\t<\/div>\n\t\t\t\t<\/div>\n\t\t\t\t\t<\/div>\n\t\t<\/div>\n\t\t\t\t\t\t\t<\/div>\n\t\t<\/section>\n\t\t\t\t\t\t\t<\/div>","protected":false},"excerpt":{"rendered":"<p>Serkan KAYIK\u00c7I 20 \u015eubat 1981 do\u011fumlu Kay\u0131k\u00e7\u0131, orta ve lise e\u011fitimini Bursa\u2019da alm\u0131\u015f olup 2003 y\u0131l\u0131nda Sel\u00e7uk \u00dcniversitesi \u0130ktisadi \u0130dari Bilimler Fak\u00fcltesi \u0130\u015fletme B\u00f6l\u00fcm\u00fcnden mezun olmu\u015ftur. Adana Bilim ve Teknoloji \u00dcniversitesi, Sosyal Bilimler Enstit\u00fcs\u00fc, Y\u00f6netim ve Organizasyon y\u00fcksek lisans\u0131n\u0131 2016 y\u0131l\u0131nda tamamlam\u0131\u015ft\u0131r. 2005 y\u0131l\u0131nda Matl\u0131 Yem A.\u015e. de d\u0131\u015f ticaret departman\u0131nda sekt\u00f6re ba\u015flay\u0131p d\u0131\u015f ticaret [&hellip;]<\/p>","protected":false},"author":1,"featured_media":0,"parent":0,"menu_order":0,"comment_status":"closed","ping_status":"closed","template":"","meta":{"footnotes":""},"class_list":["post-515","page","type-page","status-publish","hentry"],"_links":{"self":[{"href":"https:\/\/cosechayem.com.tr\/en\/wp-json\/wp\/v2\/pages\/515","targetHints":{"allow":["GET"]}}],"collection":[{"href":"https:\/\/cosechayem.com.tr\/en\/wp-json\/wp\/v2\/pages"}],"about":[{"href":"https:\/\/cosechayem.com.tr\/en\/wp-json\/wp\/v2\/types\/page"}],"author":[{"embeddable":true,"href":"https:\/\/cosechayem.com.tr\/en\/wp-json\/wp\/v2\/users\/1"}],"replies":[{"embeddable":true,"href":"https:\/\/cosechayem.com.tr\/en\/wp-json\/wp\/v2\/comments?post=515"}],"version-history":[{"count":16,"href":"https:\/\/cosechayem.com.tr\/en\/wp-json\/wp\/v2\/pages\/515\/revisions"}],"predecessor-version":[{"id":1176,"href":"https:\/\/cosechayem.com.tr\/en\/wp-json\/wp\/v2\/pages\/515\/revisions\/1176"}],"wp:attachment":[{"href":"https:\/\/cosechayem.com.tr\/en\/wp-json\/wp\/v2\/media?parent=515"}],"curies":[{"name":"wp","href":"https:\/\/api.w.org\/{rel}","templated":true}]}}