{"id":513,"date":"2023-09-21T13:31:35","date_gmt":"2023-09-21T10:31:35","guid":{"rendered":"https:\/\/cosechayem.com.tr\/?page_id=513"},"modified":"2025-10-10T16:20:01","modified_gmt":"2025-10-10T13:20:01","slug":"emrah-demircioglu","status":"publish","type":"page","link":"https:\/\/cosechayem.com.tr\/en\/emrah-demircioglu\/","title":{"rendered":"Emrah Demircio\u011flu"},"content":{"rendered":"<div data-elementor-type=\"wp-page\" data-elementor-id=\"513\" class=\"elementor elementor-513\">\n\t\t\t\t\t\t\t\t\t<section class=\"elementor-section elementor-top-section elementor-element elementor-element-77a5ffe elementor-section-content-middle elementor-reverse-mobile elementor-section-boxed elementor-section-height-default elementor-section-height-default\" data-id=\"77a5ffe\" data-element_type=\"section\">\n\t\t\t\t\t\t<div class=\"elementor-container elementor-column-gap-default\">\n\t\t\t\t\t<div class=\"elementor-column elementor-col-50 elementor-top-column elementor-element elementor-element-2ed0a46 elementor-invisible\" data-id=\"2ed0a46\" data-element_type=\"column\" data-settings=\"{&quot;background_background&quot;:&quot;gradient&quot;,&quot;animation&quot;:&quot;fadeInLeft&quot;}\">\n\t\t\t<div class=\"elementor-widget-wrap elementor-element-populated\">\n\t\t\t\t\t\t\t\t<div class=\"elementor-element elementor-element-1b4cfa8 elementor-widget elementor-widget-image\" data-id=\"1b4cfa8\" data-element_type=\"widget\" data-widget_type=\"image.default\">\n\t\t\t\t<div class=\"elementor-widget-container\">\n\t\t\t<style>\/*! elementor - v3.16.0 - 13-09-2023 *\/\n.elementor-widget-image{text-align:center}.elementor-widget-image a{display:inline-block}.elementor-widget-image a img[src$=\".svg\"]{width:48px}.elementor-widget-image img{vertical-align:middle;display:inline-block}<\/style>\t\t\t\t\t\t\t\t\t\t\t\t<img loading=\"lazy\" decoding=\"async\" width=\"530\" height=\"775\" src=\"https:\/\/cosechayem.com.tr\/wp-content\/uploads\/2025\/10\/emrah-demircioglu.png\" class=\"attachment-full size-full wp-image-1241\" alt=\"\" srcset=\"https:\/\/cosechayem.com.tr\/wp-content\/uploads\/2025\/10\/emrah-demircioglu.png 530w, https:\/\/cosechayem.com.tr\/wp-content\/uploads\/2025\/10\/emrah-demircioglu-205x300.png 205w, https:\/\/cosechayem.com.tr\/wp-content\/uploads\/2025\/10\/emrah-demircioglu-8x12.png 8w\" sizes=\"auto, (max-width: 530px) 100vw, 530px\" \/>\t\t\t\t\t\t\t\t\t\t\t\t\t\t\t<\/div>\n\t\t\t\t<\/div>\n\t\t\t\t\t<\/div>\n\t\t<\/div>\n\t\t\t\t<div class=\"elementor-column elementor-col-50 elementor-top-column elementor-element elementor-element-defe8bd elementor-invisible\" data-id=\"defe8bd\" data-element_type=\"column\" data-settings=\"{&quot;animation&quot;:&quot;fadeIn&quot;,&quot;animation_delay&quot;:200}\">\n\t\t\t<div class=\"elementor-widget-wrap elementor-element-populated\">\n\t\t\t\t\t\t\t\t<div class=\"elementor-element elementor-element-caf0042 elementor-widget elementor-widget-heading\" data-id=\"caf0042\" data-element_type=\"widget\" data-widget_type=\"heading.default\">\n\t\t\t\t<div class=\"elementor-widget-container\">\n\t\t\t<style>\/*! elementor - v3.16.0 - 13-09-2023 *\/\n.elementor-heading-title{padding:0;margin:0;line-height:1}.elementor-widget-heading .elementor-heading-title[class*=elementor-size-]>a{color:inherit;font-size:inherit;line-height:inherit}.elementor-widget-heading .elementor-heading-title.elementor-size-small{font-size:15px}.elementor-widget-heading .elementor-heading-title.elementor-size-medium{font-size:19px}.elementor-widget-heading .elementor-heading-title.elementor-size-large{font-size:29px}.elementor-widget-heading .elementor-heading-title.elementor-size-xl{font-size:39px}.elementor-widget-heading .elementor-heading-title.elementor-size-xxl{font-size:59px}<\/style><h2 class=\"elementor-heading-title elementor-size-default\">Emrah DEM\u0130RC\u0130O\u011eLU<\/h2>\t\t<\/div>\n\t\t\t\t<\/div>\n\t\t\t\t<div class=\"elementor-element elementor-element-aa3a9ec elementor-widget elementor-widget-text-editor\" data-id=\"aa3a9ec\" data-element_type=\"widget\" data-widget_type=\"text-editor.default\">\n\t\t\t\t<div class=\"elementor-widget-container\">\n\t\t\t<style>\/*! elementor - v3.16.0 - 13-09-2023 *\/\n.elementor-widget-text-editor.elementor-drop-cap-view-stacked .elementor-drop-cap{background-color:#69727d;color:#fff}.elementor-widget-text-editor.elementor-drop-cap-view-framed .elementor-drop-cap{color:#69727d;border:3px solid;background-color:transparent}.elementor-widget-text-editor:not(.elementor-drop-cap-view-default) .elementor-drop-cap{margin-top:8px}.elementor-widget-text-editor:not(.elementor-drop-cap-view-default) .elementor-drop-cap-letter{width:1em;height:1em}.elementor-widget-text-editor .elementor-drop-cap{float:left;text-align:center;line-height:1;font-size:50px}.elementor-widget-text-editor .elementor-drop-cap-letter{display:inline-block}<\/style>\t\t\t\t12 A\u011fustos 1983 y\u0131l\u0131nda Mersin\u2019in Tarsus il\u00e7esinde do\u011fmu\u015ftur.\nOrtaokul ve lise e\u011fitimini Tarsus Amerikan Kolejinde tamamlayan\nDemircio\u011flu, lisans e\u011fitimini \u0130stanbul Yeditepe \u00dcniversitesi,\n\u0130ktisadi ve \u0130dari Bilimler Fak\u00fcltesi, \u0130\u015fletme (Almanca) B\u00f6l\u00fcm\u00fc\u2019nde\ntamamlam\u0131\u015ft\u0131r. Lisans e\u011fitimi esnas\u0131nda Systain Consulting\nGmbh, OTTO Versand Hamburg Almanya ve KarstadtQuelle AG\n\u0130stanbul-T\u00fcrkiye \u015firketlerinde \u00e7al\u0131\u015farak tekstil sekt\u00f6r\u00fcn\u00fc tan\u0131ma\nimkan\u0131 bulmu\u015ftur. Hedef Tekstil San. ve Tic. Ltd. \u015eti. ve BHS Giyim\nsanayinde \u00e7al\u0131\u015farak kariyer yolculu\u011funda ilerleyen Demircio\u011flu,\nAkdeniz Haz\u0131r Giyim ve Konfeksiyon \u0130hracat\u00e7\u0131lar\u0131 Birli\u011fi\u2019nde de\nyer alm\u0131\u015ft\u0131r. Sunar \u015eirketler Grubu\u2019nda 2012 y\u0131l\u0131nda Pazarlama\nDepartman\u0131nda g\u00f6reve ba\u015flayan Emrah Demircio\u011flu, Sunar\n\u015eirketler Grubu\u2019ndaki Pazarlama M\u00fcd\u00fcrl\u00fc\u011f\u00fc g\u00f6revinin akabinde,\n2015 y\u0131l\u0131nda Grubun lokomotif s\u0327irketi ve ya\u011f sekt\u00f6r\u00fcn\u00fcn \u00f6nc\u00fc\nkurulu\u015fu olarak dikkat c\u0327eken Elita G\u0131da A.S\u0327.\u2019de Sat\u0131\u015f M\u00fcd\u00fcr\u00fc\nolarak g\u00f6revine devam etmi\u015ftir.<\/br> <\/br>\nDemircio\u011flu, 2018 y\u0131l\u0131 itibari ile Amerika Birle\u015fik Devletlerinde\ng\u0131da hizmet sekt\u00f6r\u00fcnde Sugarland Food &amp; Dining LLC \u015firketinde\nyat\u0131r\u0131mc\u0131 ve y\u00f6netici olarak g\u00f6reve ba\u015flam\u0131\u015f ve 2020 y\u0131l\u0131na\nkadar Amerika\u2019da ikamet etmi\u015ftir. 2020 A\u011fustos ay\u0131 itibari ile\nCosecha Yem ve Tar\u0131m \u00dcr\u00fcnleri Ticaret Anonim \u015eirketi\u2019ne ortak\nolan Demircio\u011flu\u2019nun hobileri aras\u0131nda; k\u0131\u015f sporlar\u0131-kayak, kitap\nokumak ve avc\u0131l\u0131k-at\u0131c\u0131l\u0131k bulunmaktad\u0131r.\nEvli ve 2 \u00e7ocuk babas\u0131 olan Emrah Demircio\u011flu, Cosecha Yem ve\nTar\u0131m \u015eirketinde aktif olarak g\u00f6revine devam etmektedir.\t\t\t\t\t\t<\/div>\n\t\t\t\t<\/div>\n\t\t\t\t\t<\/div>\n\t\t<\/div>\n\t\t\t\t\t\t\t<\/div>\n\t\t<\/section>\n\t\t\t\t\t\t\t<\/div>","protected":false},"excerpt":{"rendered":"<p>Emrah DEM\u0130RC\u0130O\u011eLU 12 A\u011fustos 1983 y\u0131l\u0131nda Mersin\u2019in Tarsus il\u00e7esinde do\u011fmu\u015ftur. Ortaokul ve lise e\u011fitimini Tarsus Amerikan Kolejinde tamamlayan Demircio\u011flu, lisans e\u011fitimini \u0130stanbul Yeditepe \u00dcniversitesi, \u0130ktisadi ve \u0130dari Bilimler Fak\u00fcltesi, \u0130\u015fletme (Almanca) B\u00f6l\u00fcm\u00fc\u2019nde tamamlam\u0131\u015ft\u0131r. Lisans e\u011fitimi esnas\u0131nda Systain Consulting Gmbh, OTTO Versand Hamburg Almanya ve KarstadtQuelle AG \u0130stanbul-T\u00fcrkiye \u015firketlerinde \u00e7al\u0131\u015farak tekstil sekt\u00f6r\u00fcn\u00fc tan\u0131ma imkan\u0131 bulmu\u015ftur. Hedef [&hellip;]<\/p>","protected":false},"author":1,"featured_media":0,"parent":0,"menu_order":0,"comment_status":"closed","ping_status":"closed","template":"","meta":{"footnotes":""},"class_list":["post-513","page","type-page","status-publish","hentry"],"_links":{"self":[{"href":"https:\/\/cosechayem.com.tr\/en\/wp-json\/wp\/v2\/pages\/513","targetHints":{"allow":["GET"]}}],"collection":[{"href":"https:\/\/cosechayem.com.tr\/en\/wp-json\/wp\/v2\/pages"}],"about":[{"href":"https:\/\/cosechayem.com.tr\/en\/wp-json\/wp\/v2\/types\/page"}],"author":[{"embeddable":true,"href":"https:\/\/cosechayem.com.tr\/en\/wp-json\/wp\/v2\/users\/1"}],"replies":[{"embeddable":true,"href":"https:\/\/cosechayem.com.tr\/en\/wp-json\/wp\/v2\/comments?post=513"}],"version-history":[{"count":34,"href":"https:\/\/cosechayem.com.tr\/en\/wp-json\/wp\/v2\/pages\/513\/revisions"}],"predecessor-version":[{"id":1244,"href":"https:\/\/cosechayem.com.tr\/en\/wp-json\/wp\/v2\/pages\/513\/revisions\/1244"}],"wp:attachment":[{"href":"https:\/\/cosechayem.com.tr\/en\/wp-json\/wp\/v2\/media?parent=513"}],"curies":[{"name":"wp","href":"https:\/\/api.w.org\/{rel}","templated":true}]}}