{"id":511,"date":"2023-09-21T13:31:22","date_gmt":"2023-09-21T10:31:22","guid":{"rendered":"https:\/\/cosechayem.com.tr\/?page_id=511"},"modified":"2023-09-25T21:15:38","modified_gmt":"2023-09-25T18:15:38","slug":"ibrahim-ethem-can","status":"publish","type":"page","link":"https:\/\/cosechayem.com.tr\/en\/ibrahim-ethem-can\/","title":{"rendered":"\u0130brahim Ethem Can"},"content":{"rendered":"<div data-elementor-type=\"wp-page\" data-elementor-id=\"511\" class=\"elementor elementor-511\">\n\t\t\t\t\t\t\t\t\t<section class=\"elementor-section elementor-top-section elementor-element elementor-element-41a7a2f elementor-section-content-middle elementor-reverse-mobile elementor-section-boxed elementor-section-height-default elementor-section-height-default\" data-id=\"41a7a2f\" data-element_type=\"section\">\n\t\t\t\t\t\t<div class=\"elementor-container elementor-column-gap-default\">\n\t\t\t\t\t<div class=\"elementor-column elementor-col-50 elementor-top-column elementor-element elementor-element-4109131 elementor-invisible\" data-id=\"4109131\" data-element_type=\"column\" data-settings=\"{&quot;background_background&quot;:&quot;gradient&quot;,&quot;animation&quot;:&quot;fadeInLeft&quot;}\">\n\t\t\t<div class=\"elementor-widget-wrap elementor-element-populated\">\n\t\t\t\t\t\t\t\t<div class=\"elementor-element elementor-element-a073334 elementor-widget elementor-widget-image\" data-id=\"a073334\" data-element_type=\"widget\" data-widget_type=\"image.default\">\n\t\t\t\t<div class=\"elementor-widget-container\">\n\t\t\t<style>\/*! elementor - v3.16.0 - 13-09-2023 *\/\n.elementor-widget-image{text-align:center}.elementor-widget-image a{display:inline-block}.elementor-widget-image a img[src$=\".svg\"]{width:48px}.elementor-widget-image img{vertical-align:middle;display:inline-block}<\/style>\t\t\t\t\t\t\t\t\t\t\t\t<img loading=\"lazy\" decoding=\"async\" width=\"530\" height=\"775\" src=\"https:\/\/cosechayem.com.tr\/wp-content\/uploads\/2023\/09\/iecan-port.jpg\" class=\"attachment-full size-full wp-image-693\" alt=\"\" srcset=\"https:\/\/cosechayem.com.tr\/wp-content\/uploads\/2023\/09\/iecan-port.jpg 530w, https:\/\/cosechayem.com.tr\/wp-content\/uploads\/2023\/09\/iecan-port-205x300.jpg 205w\" sizes=\"auto, (max-width: 530px) 100vw, 530px\" \/>\t\t\t\t\t\t\t\t\t\t\t\t\t\t\t<\/div>\n\t\t\t\t<\/div>\n\t\t\t\t\t<\/div>\n\t\t<\/div>\n\t\t\t\t<div class=\"elementor-column elementor-col-50 elementor-top-column elementor-element elementor-element-5894917 elementor-invisible\" data-id=\"5894917\" data-element_type=\"column\" data-settings=\"{&quot;animation&quot;:&quot;fadeIn&quot;,&quot;animation_delay&quot;:200}\">\n\t\t\t<div class=\"elementor-widget-wrap elementor-element-populated\">\n\t\t\t\t\t\t\t\t<div class=\"elementor-element elementor-element-daf16a3 elementor-widget elementor-widget-heading\" data-id=\"daf16a3\" data-element_type=\"widget\" data-widget_type=\"heading.default\">\n\t\t\t\t<div class=\"elementor-widget-container\">\n\t\t\t<style>\/*! elementor - v3.16.0 - 13-09-2023 *\/\n.elementor-heading-title{padding:0;margin:0;line-height:1}.elementor-widget-heading .elementor-heading-title[class*=elementor-size-]>a{color:inherit;font-size:inherit;line-height:inherit}.elementor-widget-heading .elementor-heading-title.elementor-size-small{font-size:15px}.elementor-widget-heading .elementor-heading-title.elementor-size-medium{font-size:19px}.elementor-widget-heading .elementor-heading-title.elementor-size-large{font-size:29px}.elementor-widget-heading .elementor-heading-title.elementor-size-xl{font-size:39px}.elementor-widget-heading .elementor-heading-title.elementor-size-xxl{font-size:59px}<\/style><h2 class=\"elementor-heading-title elementor-size-default\">\u0130brahim Ethem CAN<\/h2>\t\t<\/div>\n\t\t\t\t<\/div>\n\t\t\t\t<div class=\"elementor-element elementor-element-c87b371 elementor-widget elementor-widget-text-editor\" data-id=\"c87b371\" data-element_type=\"widget\" data-widget_type=\"text-editor.default\">\n\t\t\t\t<div class=\"elementor-widget-container\">\n\t\t\t<style>\/*! elementor - v3.16.0 - 13-09-2023 *\/\n.elementor-widget-text-editor.elementor-drop-cap-view-stacked .elementor-drop-cap{background-color:#69727d;color:#fff}.elementor-widget-text-editor.elementor-drop-cap-view-framed .elementor-drop-cap{color:#69727d;border:3px solid;background-color:transparent}.elementor-widget-text-editor:not(.elementor-drop-cap-view-default) .elementor-drop-cap{margin-top:8px}.elementor-widget-text-editor:not(.elementor-drop-cap-view-default) .elementor-drop-cap-letter{width:1em;height:1em}.elementor-widget-text-editor .elementor-drop-cap{float:left;text-align:center;line-height:1;font-size:50px}.elementor-widget-text-editor .elementor-drop-cap-letter{display:inline-block}<\/style>\t\t\t\t<p>30 May\u0131s 1973 Mersin\u2019in Tarsus ilc\u0327esinde dog\u0306mu\u015ftur. U\u0308niversite <br \/>hayat\u0131na kadar Tarsus\u2019ta eg\u0306itim go\u0308ren I\u0307brahim Ethem Can, 1998 <br \/>y\u0131l\u0131nda Anadolu U\u0308niversitesi, I\u0307ktisadi ve \u0130dari Birimler Fak\u00fcltesi, <br \/>I\u0307s\u0327letme Bo\u0308lu\u0308mu\u0308\u2019nden mezun olmu\u015ftur. Mezuniyetinin ard\u0131ndan <br \/>farkl\u0131 sekto\u0308rlerde, c\u0327es\u0327itli kurulus\u0327larda c\u0327al\u0131s\u0327m\u0131\u015ft\u0131r. 2000 y\u0131l\u0131 Eylu\u0308l <br \/>ay\u0131nda Sunar O\u0308zlem A.S\u0327. Muhasebe bo\u0308lu\u0308mu\u0308ndeki yeni go\u0308revi <br \/>ile Sunar ailesine kat\u0131lm\u0131\u015ft\u0131r. Un ve yem sekto\u0308ru\u0308nu\u0308n bas\u0327ar\u0131l\u0131 <br \/>kurulus\u0327lar\u0131ndan Sunar O\u0308zlem A.S\u0327.\u2019de 2002 y\u0131l\u0131nda Muhasebe <br \/>Mu\u0308du\u0308ru\u0308 olan I\u0307brahim Ethem Can, 2005 y\u0131l\u0131nda Sunar O\u0308zlem A.S\u0327.\u2019de <br \/>Genel Mu\u0308du\u0308rlu\u0308k go\u0308revine terfi etmi\u015ftir. \u00c7ukurova \u00dcniversitesi <br \/>Y\u00f6netim ve Organizasyon y\u00fcksek lisans\u0131n\u0131 tamamlayan Can, Sunar <br \/>Grup\u2019un lokomotif s\u0327irketi ve I\u0307SO 500 \u2013 TI\u0307M 1000 gibi ekonomi <br \/>listelerinde o\u0308nemli yu\u0308kselis\u0327ler sergilemesiyle dikkat c\u0327eken Elita <br \/>G\u0131da A.S\u0327\u2019ye 2013 y\u0131l\u0131nda Genel Mu\u0308du\u0308r olarak atanm\u0131\u015ft\u0131r. 2015 <br \/>y\u0131l\u0131 Ekonomist Anadolu 500 listesinde Elita G\u0131da, kar\u0131n\u0131 en \u00e7ok <br \/>artt\u0131ran ilk 5 \u015firket aras\u0131nda 4. s\u0131rada yer alm\u0131\u015ft\u0131r.<\/p><p>T\u00fcrkiye Bitkisel Ya\u011f Sanayicileri Derne\u011finde Y\u00f6netim Kurulu <br \/>\u00dcyeli\u011fi (2015-2017), \u00c7ukurova Un Sanayicileri Derne\u011fi Denetim <br \/>Kurulu Ba\u015fkanl\u0131\u011f\u0131 (2009-2015), \u00c7ukurova Un Sanayicileri Derne\u011fi <br \/>Y\u00f6netim Kurulu Ba\u015fkan Yard\u0131mc\u0131l\u0131\u011f\u0131 (2015-2016), 2 D\u00f6nem T\u00fcrkiye <br \/>Yem Sanayicileri Birli\u011fi Y\u00f6netim Kurulu \u00dcyeli\u011fi (2008-2012), <br \/>Adana Sanayi Odas\u0131 G\u0131da Komitesi \u00dcyeli\u011fi, TOBB Delege, Ni\u015fasta <br \/>\u00dcreticileri Derne\u011fi Yedek Y\u00f6netim Kurulu \u00dcyeli\u011fi ve birc\u0327ok sivil <br \/>toplum kurulus\u0327unun yo\u0308netiminde yer alan, Sunar O\u0308zlem A.S\u0327.\u2019nin <br \/>ve yine Sunar Grup S\u0327irketlerinden Sunar M\u0131s\u0131r A.S\u0327. ve Elita G\u0131da <br \/>A.S\u0327.\u2019nin Yo\u0308netim Kurulu \u00dcyesi olan I\u0307brahim Ethem Can Eyl\u00fcl 2017 <br \/>de g\u00f6revinden ayr\u0131larak, Cosecha Yem ve Tar\u0131m \u00dcr\u00fcnleri Ticaret <br \/>Anonim \u015eirketi\u2019ni kurmu\u015ftur. Hobileri aras\u0131nda kitap okumak ve <br \/>avc\u0131l\u0131k-at\u0131c\u0131l\u0131k bulunan Can, evli ve 5 \u00e7ocuk babas\u0131d\u0131r. \u015eirkette aktif <br \/>olarak g\u00f6revine devam etmektedir<\/p>\t\t\t\t\t\t<\/div>\n\t\t\t\t<\/div>\n\t\t\t\t\t<\/div>\n\t\t<\/div>\n\t\t\t\t\t\t\t<\/div>\n\t\t<\/section>\n\t\t\t\t\t\t\t<\/div>","protected":false},"excerpt":{"rendered":"<p>\u0130brahim Ethem CAN 30 May\u0131s 1973 Mersin\u2019in Tarsus ilc\u0327esinde dog\u0306mu\u015ftur. U\u0308niversite hayat\u0131na kadar Tarsus\u2019ta eg\u0306itim go\u0308ren I\u0307brahim Ethem Can, 1998 y\u0131l\u0131nda Anadolu U\u0308niversitesi, I\u0307ktisadi ve \u0130dari Birimler Fak\u00fcltesi, I\u0307s\u0327letme Bo\u0308lu\u0308mu\u0308\u2019nden mezun olmu\u015ftur. Mezuniyetinin ard\u0131ndan farkl\u0131 sekto\u0308rlerde, c\u0327es\u0327itli kurulus\u0327larda c\u0327al\u0131s\u0327m\u0131\u015ft\u0131r. 2000 y\u0131l\u0131 Eylu\u0308l ay\u0131nda Sunar O\u0308zlem A.S\u0327. Muhasebe bo\u0308lu\u0308mu\u0308ndeki yeni go\u0308revi ile Sunar ailesine kat\u0131lm\u0131\u015ft\u0131r. Un [&hellip;]<\/p>","protected":false},"author":1,"featured_media":0,"parent":0,"menu_order":0,"comment_status":"closed","ping_status":"closed","template":"","meta":{"footnotes":""},"class_list":["post-511","page","type-page","status-publish","hentry"],"_links":{"self":[{"href":"https:\/\/cosechayem.com.tr\/en\/wp-json\/wp\/v2\/pages\/511","targetHints":{"allow":["GET"]}}],"collection":[{"href":"https:\/\/cosechayem.com.tr\/en\/wp-json\/wp\/v2\/pages"}],"about":[{"href":"https:\/\/cosechayem.com.tr\/en\/wp-json\/wp\/v2\/types\/page"}],"author":[{"embeddable":true,"href":"https:\/\/cosechayem.com.tr\/en\/wp-json\/wp\/v2\/users\/1"}],"replies":[{"embeddable":true,"href":"https:\/\/cosechayem.com.tr\/en\/wp-json\/wp\/v2\/comments?post=511"}],"version-history":[{"count":16,"href":"https:\/\/cosechayem.com.tr\/en\/wp-json\/wp\/v2\/pages\/511\/revisions"}],"predecessor-version":[{"id":895,"href":"https:\/\/cosechayem.com.tr\/en\/wp-json\/wp\/v2\/pages\/511\/revisions\/895"}],"wp:attachment":[{"href":"https:\/\/cosechayem.com.tr\/en\/wp-json\/wp\/v2\/media?parent=511"}],"curies":[{"name":"wp","href":"https:\/\/api.w.org\/{rel}","templated":true}]}}